{"id":19,"date":"2016-01-07T15:42:00","date_gmt":"2016-01-07T15:42:00","guid":{"rendered":"http:\/\/myriamferron.com\/?page_id=19"},"modified":"2024-12-14T11:49:57","modified_gmt":"2024-12-14T11:49:57","slug":"me-contacter","status":"publish","type":"page","link":"https:\/\/myriamferron.com\/index.php\/me-contacter\/","title":{"rendered":"Me contacter"},"content":{"rendered":"\n<p>Vous pouvez me contacter sur ma messagerie myriamferron@hotmail.com ou au 06 30 85 83 14<\/p>\n\n\n\n<p>Apr\u00e8s avoir exerc\u00e9 9 ann\u00e9es sur Paris, je vous accueille avec plaisir \u00e0 Palaiseau (91), RER Palaiseau :<\/p>\n\n\n\n<p>. 14 rue Pasteur, Cabinet Sant\u00e9 et Bien-\u00eatre : les mercredis. <a href=\"https:\/\/www.crenolibre.fr\/therapeute\/reflexologue\/palaiseau\/91120\/14229-myriam_ferron\" target=\"_blank\" rel=\"noreferrer noopener\"><strong>Prendre RDV en ligne sur Crenolibre<\/strong><\/a><br>. 6 Impasse des Vhernes, Centre Brev&rsquo; Th\u00e9rapie : les mardis, jeudis, vendredis et samedis. Prendre RDV en me contactant<\/p>\n\n\n\n<p><br><\/p>\n","protected":false},"excerpt":{"rendered":"<p>Vous pouvez me contacter sur ma messagerie myriamferron@hotmail.com ou au 06 30 85 83 14 Apr\u00e8s avoir exerc\u00e9 9 ann\u00e9es sur Paris, je vous accueille avec plaisir \u00e0 Palaiseau (91), RER Palaiseau : . 14 rue Pasteur, Cabinet Sant\u00e9 et Bien-\u00eatre : les mercredis. Prendre RDV en ligne sur Crenolibre. 6 Impasse des Vhernes, Centre [&hellip;]<\/p>\n","protected":false},"author":1,"featured_media":0,"parent":0,"menu_order":0,"comment_status":"closed","ping_status":"closed","template":"","meta":{"footnotes":""},"class_list":["post-19","page","type-page","status-publish","hentry"],"_links":{"self":[{"href":"https:\/\/myriamferron.com\/index.php\/wp-json\/wp\/v2\/pages\/19","targetHints":{"allow":["GET"]}}],"collection":[{"href":"https:\/\/myriamferron.com\/index.php\/wp-json\/wp\/v2\/pages"}],"about":[{"href":"https:\/\/myriamferron.com\/index.php\/wp-json\/wp\/v2\/types\/page"}],"author":[{"embeddable":true,"href":"https:\/\/myriamferron.com\/index.php\/wp-json\/wp\/v2\/users\/1"}],"replies":[{"embeddable":true,"href":"https:\/\/myriamferron.com\/index.php\/wp-json\/wp\/v2\/comments?post=19"}],"version-history":[{"count":27,"href":"https:\/\/myriamferron.com\/index.php\/wp-json\/wp\/v2\/pages\/19\/revisions"}],"predecessor-version":[{"id":1432,"href":"https:\/\/myriamferron.com\/index.php\/wp-json\/wp\/v2\/pages\/19\/revisions\/1432"}],"wp:attachment":[{"href":"https:\/\/myriamferron.com\/index.php\/wp-json\/wp\/v2\/media?parent=19"}],"curies":[{"name":"wp","href":"https:\/\/api.w.org\/{rel}","templated":true}]}}