{"id":33,"date":"2016-01-07T16:41:49","date_gmt":"2016-01-07T16:41:49","guid":{"rendered":"http:\/\/myriamferron.com\/?page_id=33"},"modified":"2025-06-16T15:48:02","modified_gmt":"2025-06-16T15:48:02","slug":"la-reflexologie","status":"publish","type":"page","link":"https:\/\/myriamferron.com\/index.php\/la-reflexologie\/","title":{"rendered":"La r\u00e9flexologie et autres"},"content":{"rendered":"<p>La r\u00e9flexologie repose sur le postulat que chaque organe, chaque partie du corps ou fonction physiologique correspond \u00e0 une zone r\u00e9flexe pr\u00e9cise, situ\u00e9 sur les pieds, le visage et les mains.<\/p>\n<p><img loading=\"lazy\" decoding=\"async\" class=\"wp-image-38 alignnone\" src=\"https:\/\/myriamferron.com\/wp-content\/uploads\/2016\/01\/pied-Fotolia_60752650_XS-h-200x300.jpg\" alt=\"foot massage\" width=\"105\" height=\"158\" srcset=\"https:\/\/myriamferron.com\/wp-content\/uploads\/2016\/01\/pied-Fotolia_60752650_XS-h-200x300.jpg 200w, https:\/\/myriamferron.com\/wp-content\/uploads\/2016\/01\/pied-Fotolia_60752650_XS-h.jpg 283w\" sizes=\"auto, (max-width: 105px) 100vw, 105px\" \/>\u00a0 <img loading=\"lazy\" decoding=\"async\" class=\"alignnone wp-image-39\" src=\"https:\/\/myriamferron.com\/wp-content\/uploads\/2016\/01\/massage-cranien-2-300x200.jpg\" alt=\"massage-cranien 2\" width=\"237\" height=\"158\" srcset=\"https:\/\/myriamferron.com\/wp-content\/uploads\/2016\/01\/massage-cranien-2-300x200.jpg 300w, https:\/\/myriamferron.com\/wp-content\/uploads\/2016\/01\/massage-cranien-2-768x512.jpg 768w, https:\/\/myriamferron.com\/wp-content\/uploads\/2016\/01\/massage-cranien-2-1024x682.jpg 1024w, https:\/\/myriamferron.com\/wp-content\/uploads\/2016\/01\/massage-cranien-2-952x634.jpg 952w, https:\/\/myriamferron.com\/wp-content\/uploads\/2016\/01\/massage-cranien-2-919x612.jpg 919w, https:\/\/myriamferron.com\/wp-content\/uploads\/2016\/01\/massage-cranien-2-572x381.jpg 572w, https:\/\/myriamferron.com\/wp-content\/uploads\/2016\/01\/massage-cranien-2.jpg 1600w\" sizes=\"auto, (max-width: 237px) 100vw, 237px\" \/>\u00a0 <img loading=\"lazy\" decoding=\"async\" class=\"alignnone wp-image-40\" src=\"https:\/\/myriamferron.com\/wp-content\/uploads\/2016\/01\/main-Fotolia_39508984_XS-e1452183298150-300x259.jpg\" alt=\"\" width=\"183\" height=\"158\" srcset=\"https:\/\/myriamferron.com\/wp-content\/uploads\/2016\/01\/main-Fotolia_39508984_XS-e1452183298150-300x259.jpg 300w, https:\/\/myriamferron.com\/wp-content\/uploads\/2016\/01\/main-Fotolia_39508984_XS-e1452183298150.jpg 326w\" sizes=\"auto, (max-width: 183px) 100vw, 183px\" \/><\/p>\n<p><img loading=\"lazy\" decoding=\"async\" class=\"wp-image-36 alignright\" src=\"https:\/\/myriamferron.com\/wp-content\/uploads\/2016\/01\/iStock_systnerveux-copie-210x300.jpg\" alt=\"3d rendered illustration of the female nervous system\" width=\"282\" height=\"402\" srcset=\"https:\/\/myriamferron.com\/wp-content\/uploads\/2016\/01\/iStock_systnerveux-copie-210x300.jpg 210w, https:\/\/myriamferron.com\/wp-content\/uploads\/2016\/01\/iStock_systnerveux-copie-768x1097.jpg 768w, https:\/\/myriamferron.com\/wp-content\/uploads\/2016\/01\/iStock_systnerveux-copie-717x1024.jpg 717w, https:\/\/myriamferron.com\/wp-content\/uploads\/2016\/01\/iStock_systnerveux-copie-952x1360.jpg 952w, https:\/\/myriamferron.com\/wp-content\/uploads\/2016\/01\/iStock_systnerveux-copie-919x1313.jpg 919w, https:\/\/myriamferron.com\/wp-content\/uploads\/2016\/01\/iStock_systnerveux-copie-572x817.jpg 572w, https:\/\/myriamferron.com\/wp-content\/uploads\/2016\/01\/iStock_systnerveux-copie.jpg 1792w\" sizes=\"auto, (max-width: 282px) 100vw, 282px\" \/>La r\u00e9flexologue agit par des points de pression et des mouvements doux, sur tous les syst\u00e8mes du corps en utilisant le <strong>r\u00e9seau des terminaisons nerveuses et des voies neuro-r\u00e9flexes<\/strong> pour <strong>relaxer ou stimuler<\/strong> cette zone r\u00e9flexe.<\/p>\n<p><strong><span style=\"color: #945309;\">On utilise la r\u00e9flexologie pour :<\/span><\/strong><\/p>\n<p>\u2022\u00a0<strong>Se d\u00e9tendre : <\/strong>le stress \u00e9tant \u00e0 l\u2019origine de nombreux dysfonctionnements physiques et psychiques<br \/>\n\u2022 <strong>Pr\u00e9venir<\/strong>, <strong>soulager<\/strong>, <strong>\u00e9liminer<\/strong> des troubles et <strong>favoriser l\u2019\u00e9quilibre du m\u00e9tabolisme<\/strong> (hom\u00e9ostasie)<\/p>\n<p><span style=\"color: #945309;\"><strong>Ce que cette technique manuelle vous apporte :<\/strong><\/span><br \/>\n.\u00a0procure du bien-\u00eatre<br \/>\n. soulage les douleurs<br \/>\n. r\u00e9duit l&rsquo;\u00e9tat d&rsquo;anxi\u00e9t\u00e9, diminue le stress<br \/>\n. renforce des ressources naturelles de l&rsquo;organisme<br \/>\n. active la circulation sanguine et lymphatique<br \/>\n. mobilise les d\u00e9chets, \u00e9vacue les toxines<\/p>\n<p><strong><span style=\"color: #945309;\">A qui s&rsquo;adresse t&rsquo;elle ?<\/span><\/strong><em><br \/>\n<\/em>Aux enfants, adolescents et adultes<\/p>\n<p>S\u00e9ance diff\u00e9rente pour les personnes dites \u00ab\u00a0fragiles\u00a0\u00bb : femmes enceintes de -3 mois, grossesse \u00e0 risque, adolescents, traitement du cancer<\/p>\n<p><span style=\"color: #945309;\"><strong>La r\u00e9flexologie vous apporte une solution \u00e0 vos soucis de\u00a0:<\/strong><\/span><br \/>\n. maux de dos<br \/>\n. douleurs musculaires et articulaires<br \/>\n. insomnies<br \/>\n. stress aigue ou chronique, tension nerveuse<br \/>\n. angoisses ou humeur d\u00e9pressive<br \/>\n. fatigue<br \/>\n. troubles digestifs, constipation<br \/>\n. troubles de la m\u00e9nopause, syndrome pr\u00e9menstruel<\/p>\n<p><strong><span style=\"color: #945309;\">Contre-indications\u00a0?<\/span><br \/>\n<\/strong>Infection grave et maladie s&rsquo;accompagnant d&rsquo;une forte fi\u00e8vre, thrombose, phl\u00e9bite, diab\u00e8te grave, porteur de pacemaker, d\u00e9pression grave, personne sous dialyse<\/p>\n<p><em>La r\u00e9flexologie ne se substitue en aucun cas \u00e0 un traitement m\u00e9dical mais elle constitue un compl\u00e9ment th\u00e9rapeutique efficace en tant que support et soin de confort.<\/em><\/p>\n<p>&nbsp;<\/p>\n<p><strong><span style=\"color: #ff6600;\"><span style=\"color: #ff9900;\"><em>Il n&rsquo;y a pas que la r\u00e9flexologie ! Ce que je peux \u00e9galement vous apporter :<\/em><\/span><\/span><\/strong><\/p>\n<p>Mon travail d&rsquo;accompagnante peut \u00e9galement s&rsquo;effectuer par des conseils, des tips, des techniques de th\u00e9rapies comportementales et cognitives (TCC) acquises au fil de mon exp\u00e9rience et apprentissage et au vu de votre probl\u00e9matique.<\/p>\n<p>Je suis fan de la technique des \u00ab\u00a0petits pas\u00a0\u00bb, de la citation d&rsquo;Albert Einstein : \u00ab La folie, c\u2019est de faire toujours la m\u00eame chose et de s\u2019attendre \u00e0 un r\u00e9sultat diff\u00e9rent !\u00bb, ma technique \u00ab\u00a0stop mental\u00a0\u00bb etc&#8230;<\/p>\n<p>&nbsp;<\/p>\n<p><em>\u00ab\u00a0Travaillons d&rsquo;abord sur le corps pour un apaisement, un soulagement, une d\u00e9tente&#8230; Ce corps qui traduit vos \u00e9motions et vos pens\u00e9es puis, si besoin d&rsquo;aller plus loin, cherchons \u00e0 modifier un comportement.\u00a0\u00bb<\/em><\/p>\n<p>&nbsp;<\/p>\n","protected":false},"excerpt":{"rendered":"<p>La r\u00e9flexologie repose sur le postulat que chaque organe, chaque partie du corps ou fonction physiologique correspond \u00e0 une zone r\u00e9flexe pr\u00e9cise, situ\u00e9 sur les pieds, le visage et les mains. \u00a0 \u00a0 La r\u00e9flexologue agit par des points de pression et des mouvements doux, sur tous les syst\u00e8mes du corps en utilisant le r\u00e9seau [&hellip;]<\/p>\n","protected":false},"author":1,"featured_media":0,"parent":0,"menu_order":0,"comment_status":"closed","ping_status":"closed","template":"","meta":{"footnotes":""},"class_list":["post-33","page","type-page","status-publish","hentry"],"_links":{"self":[{"href":"https:\/\/myriamferron.com\/index.php\/wp-json\/wp\/v2\/pages\/33","targetHints":{"allow":["GET"]}}],"collection":[{"href":"https:\/\/myriamferron.com\/index.php\/wp-json\/wp\/v2\/pages"}],"about":[{"href":"https:\/\/myriamferron.com\/index.php\/wp-json\/wp\/v2\/types\/page"}],"author":[{"embeddable":true,"href":"https:\/\/myriamferron.com\/index.php\/wp-json\/wp\/v2\/users\/1"}],"replies":[{"embeddable":true,"href":"https:\/\/myriamferron.com\/index.php\/wp-json\/wp\/v2\/comments?post=33"}],"version-history":[{"count":13,"href":"https:\/\/myriamferron.com\/index.php\/wp-json\/wp\/v2\/pages\/33\/revisions"}],"predecessor-version":[{"id":1465,"href":"https:\/\/myriamferron.com\/index.php\/wp-json\/wp\/v2\/pages\/33\/revisions\/1465"}],"wp:attachment":[{"href":"https:\/\/myriamferron.com\/index.php\/wp-json\/wp\/v2\/media?parent=33"}],"curies":[{"name":"wp","href":"https:\/\/api.w.org\/{rel}","templated":true}]}}