{"id":868,"date":"2019-03-21T10:22:33","date_gmt":"2019-03-21T10:22:33","guid":{"rendered":"http:\/\/myriamferron.com\/?page_id=868"},"modified":"2022-11-15T11:23:13","modified_gmt":"2022-11-15T11:23:13","slug":"ateliers-conferences","status":"publish","type":"page","link":"https:\/\/myriamferron.com\/index.php\/ateliers-conferences\/","title":{"rendered":"Ateliers, conf\u00e9rences et \u00e9v\u00e8nements"},"content":{"rendered":"\n<p>Parfois, je \u00ab\u00a0sors\u00a0\u00bb de mon cabinet pour animer des ateliers, des conf\u00e9rences ou alors des entreprises me contactent pour leurs \u00e9v\u00e8nements<\/p>\n\n\n\n<p><strong>. Ev\u00e8nement presse pour les 25 ans de Kiko Milano<\/strong><\/p>\n\n\n<div class=\"wp-block-image\">\n<figure class=\"aligncenter size-large is-resized\"><img loading=\"lazy\" decoding=\"async\" src=\"https:\/\/myriamferron.com\/wp-content\/uploads\/2022\/11\/thumbnail_IMG_8408-768x1024.jpg\" alt=\"\" class=\"wp-image-1287\" width=\"279\" height=\"372\" srcset=\"https:\/\/myriamferron.com\/wp-content\/uploads\/2022\/11\/thumbnail_IMG_8408-768x1024.jpg 768w, https:\/\/myriamferron.com\/wp-content\/uploads\/2022\/11\/thumbnail_IMG_8408-225x300.jpg 225w, https:\/\/myriamferron.com\/wp-content\/uploads\/2022\/11\/thumbnail_IMG_8408-952x1269.jpg 952w, https:\/\/myriamferron.com\/wp-content\/uploads\/2022\/11\/thumbnail_IMG_8408-919x1225.jpg 919w, https:\/\/myriamferron.com\/wp-content\/uploads\/2022\/11\/thumbnail_IMG_8408-572x763.jpg 572w, https:\/\/myriamferron.com\/wp-content\/uploads\/2022\/11\/thumbnail_IMG_8408.jpg 960w\" sizes=\"auto, (max-width: 279px) 100vw, 279px\" \/><figcaption class=\"wp-element-caption\">R\u00e9flexologie des mains pour les invit\u00e9s<\/figcaption><\/figure>\n<\/div>\n\n\n<p><strong>. Conf\u00e9rence \u00ab\u00a0L\u00e9geret\u00e9 et joie par la r\u00e9flexologie\u00a0\u00bb<\/strong><\/p>\n\n\n<div class=\"wp-block-image\">\n<figure class=\"aligncenter is-resized\"><img loading=\"lazy\" decoding=\"async\" src=\"https:\/\/myriamferron.com\/wp-content\/uploads\/2019\/01\/joie.jpg\" alt=\"\" class=\"wp-image-656\" width=\"456\" height=\"201\" srcset=\"https:\/\/myriamferron.com\/wp-content\/uploads\/2019\/01\/joie.jpg 500w, https:\/\/myriamferron.com\/wp-content\/uploads\/2019\/01\/joie-300x132.jpg 300w\" sizes=\"auto, (max-width: 456px) 100vw, 456px\" \/><\/figure>\n<\/div>\n\n\n<p>Lors de cette conf\u00e9rence, je partage mes exp\u00e9riences et mon v\u00e9cu afin de vous transmettre mon savoir. <br>Le corps parle ? &#8211;&nbsp; \u00ab\u00a0Tout ce qui ne s&rsquo;exprime pas, s&rsquo;imprime !\u00a0\u00bb &#8211; Certains dysfonctionnements peuvent-ils provenir du stress ? &#8211; Que vous apporte la r\u00e9flexologie ? <br><strong>Dates :<\/strong><br>24\/01\/2019. Pour r\u00e9server c&rsquo;est ici : <a aria-label=\"https:\/\/www.weezevent.com\/legerete-et-joie-par-la-reflexologie (s\u2019ouvre dans un nouvel onglet)\" rel=\"noreferrer noopener\" href=\"https:\/\/www.weezevent.com\/legerete-et-joie-par-la-reflexologie\" target=\"_blank\">https:\/\/www.weezevent.com\/legerete-et-joie-par-la-reflexologie.<\/a> Ev\u00e8nement termin\u00e9<br>21\/03\/2019. Pour r\u00e9server c&rsquo;est ici : COMPLET<\/p>\n\n\n\n<p><strong>. Atelier \u00ab\u00a0Rel\u00e2chez la pression avec la m\u00e9ditation et la r\u00e9flexologie\u00a0\u00bb<\/strong><br>Co-anim\u00e9 avec <a href=\"https:\/\/www.lechantdusilence.com\/\" target=\"_blank\" rel=\"noreferrer noopener\">Dominique Frau<\/a>, enseignante de m\u00e9ditation pleine conscience<\/p>\n\n\n\n<p><strong>. Atelier \u00ab\u00a0R\u00e9flexologie, made in futurs papas pour des futures mamans\u00a0\u00bb pour <a rel=\"noreferrer noopener\" href=\"https:\/\/www.lacigognefrancaise.fr\/\" target=\"_blank\">La Cigogne Fran\u00e7aise<\/a><\/strong><\/p>\n\n\n<div class=\"wp-block-image\">\n<figure class=\"aligncenter is-resized\"><img loading=\"lazy\" decoding=\"async\" src=\"https:\/\/myriamferron.com\/wp-content\/uploads\/2019\/03\/DSC0054-1024x523.jpg\" alt=\"\" class=\"wp-image-869\" width=\"502\" height=\"256\" srcset=\"https:\/\/myriamferron.com\/wp-content\/uploads\/2019\/03\/DSC0054-1024x523.jpg 1024w, https:\/\/myriamferron.com\/wp-content\/uploads\/2019\/03\/DSC0054-300x153.jpg 300w, https:\/\/myriamferron.com\/wp-content\/uploads\/2019\/03\/DSC0054-768x392.jpg 768w, https:\/\/myriamferron.com\/wp-content\/uploads\/2019\/03\/DSC0054-952x486.jpg 952w, https:\/\/myriamferron.com\/wp-content\/uploads\/2019\/03\/DSC0054-919x469.jpg 919w, https:\/\/myriamferron.com\/wp-content\/uploads\/2019\/03\/DSC0054-572x292.jpg 572w\" sizes=\"auto, (max-width: 502px) 100vw, 502px\" \/><figcaption class=\"wp-element-caption\">Mettre \u00e0 contribution le futur papa\u2026 <\/figcaption><\/figure>\n<\/div>\n\n<div class=\"wp-block-image\">\n<figure class=\"aligncenter is-resized\"><img loading=\"lazy\" decoding=\"async\" src=\"https:\/\/myriamferron.com\/wp-content\/uploads\/2019\/03\/DSC0061-1024x609.jpg\" alt=\"\" class=\"wp-image-870\" width=\"503\" height=\"298\" srcset=\"https:\/\/myriamferron.com\/wp-content\/uploads\/2019\/03\/DSC0061-1024x609.jpg 1024w, https:\/\/myriamferron.com\/wp-content\/uploads\/2019\/03\/DSC0061-300x178.jpg 300w, https:\/\/myriamferron.com\/wp-content\/uploads\/2019\/03\/DSC0061-768x457.jpg 768w, https:\/\/myriamferron.com\/wp-content\/uploads\/2019\/03\/DSC0061-952x566.jpg 952w, https:\/\/myriamferron.com\/wp-content\/uploads\/2019\/03\/DSC0061-919x547.jpg 919w, https:\/\/myriamferron.com\/wp-content\/uploads\/2019\/03\/DSC0061-572x340.jpg 572w\" sizes=\"auto, (max-width: 503px) 100vw, 503px\" \/><\/figure>\n<\/div>\n\n\n<figure class=\"wp-block-gallery has-nested-images columns-default is-cropped wp-block-gallery-1 is-layout-flex wp-block-gallery-is-layout-flex\"><\/figure>\n","protected":false},"excerpt":{"rendered":"<p>Parfois, je \u00ab\u00a0sors\u00a0\u00bb de mon cabinet pour animer des ateliers, des conf\u00e9rences ou alors des entreprises me contactent pour leurs \u00e9v\u00e8nements . Ev\u00e8nement presse pour les 25 ans de Kiko Milano . Conf\u00e9rence \u00ab\u00a0L\u00e9geret\u00e9 et joie par la r\u00e9flexologie\u00a0\u00bb Lors de cette conf\u00e9rence, je partage mes exp\u00e9riences et mon v\u00e9cu afin de vous transmettre mon [&hellip;]<\/p>\n","protected":false},"author":1,"featured_media":0,"parent":0,"menu_order":0,"comment_status":"closed","ping_status":"closed","template":"","meta":{"footnotes":""},"class_list":["post-868","page","type-page","status-publish","hentry"],"_links":{"self":[{"href":"https:\/\/myriamferron.com\/index.php\/wp-json\/wp\/v2\/pages\/868","targetHints":{"allow":["GET"]}}],"collection":[{"href":"https:\/\/myriamferron.com\/index.php\/wp-json\/wp\/v2\/pages"}],"about":[{"href":"https:\/\/myriamferron.com\/index.php\/wp-json\/wp\/v2\/types\/page"}],"author":[{"embeddable":true,"href":"https:\/\/myriamferron.com\/index.php\/wp-json\/wp\/v2\/users\/1"}],"replies":[{"embeddable":true,"href":"https:\/\/myriamferron.com\/index.php\/wp-json\/wp\/v2\/comments?post=868"}],"version-history":[{"count":9,"href":"https:\/\/myriamferron.com\/index.php\/wp-json\/wp\/v2\/pages\/868\/revisions"}],"predecessor-version":[{"id":1297,"href":"https:\/\/myriamferron.com\/index.php\/wp-json\/wp\/v2\/pages\/868\/revisions\/1297"}],"wp:attachment":[{"href":"https:\/\/myriamferron.com\/index.php\/wp-json\/wp\/v2\/media?parent=868"}],"curies":[{"name":"wp","href":"https:\/\/api.w.org\/{rel}","templated":true}]}}